{"id":294,"date":"2019-01-09T13:14:29","date_gmt":"2019-01-09T12:14:29","guid":{"rendered":"https:\/\/psycholog-slupsk-harmonia.pl\/gabinet-psychologiczny\/"},"modified":"2019-02-22T10:34:53","modified_gmt":"2019-02-22T09:34:53","slug":"gabinet-psychologiczny","status":"publish","type":"page","link":"https:\/\/psycholog-slupsk-harmonia.pl\/de\/","title":{"rendered":"Psychologisches B\u00fcro"},"content":{"rendered":"<div id=\"themify_builder_content-294\" data-postid=\"294\" class=\"themify_builder_content themify_builder_content-294 themify_builder\">\n\n    \n\t\t<!-- module_row -->\n\t\t<div  class=\"themify_builder_row module_row clearfix fullcover wow fadeIn fullheight fullwidth_row_container module_row_0 themify_builder_294_row module_row_294-0\" data-id=\"4261ddc\">\n\t\t\t                    <div class=\"tb_row_frame tb_row_frame_bottom \"><\/div>\n                \t\t\t<div class=\"row_inner col_align_top\" >\n                                    <div  class=\"module_column tb-column col-full first tb_294_column module_column_0 module_column_294-0-0\" data-id=\"37b2dca\" >\n                                                                <div class=\"tb-column-inner\">\n                            \n\n<!-- module text -->\n<div  id=\"text-294-0-0-0\" class=\"module module-text text-294-0-0-0  repeat  wow fadeInUp animation_effect_delay_.5 \" data-parallax-element-speed=\"1\" data-parallax-element-reverse=\"1\" data-parallax-fade=\"1\" data-id=\"c1bcf63\">\n    <!--insert-->\n    \n        <h2>Psychologische Praxis<\/h2>\n        <\/div>\n<!-- \/module text -->\n\n\n\n<!-- module text -->\n<div  id=\"text-294-0-0-1\" class=\"module module-text text-294-0-0-1  repeat  wow fadeInUp animation_effect_delay_.5 \" data-parallax-element-speed=\"1\" data-parallax-element-reverse=\"1\" data-parallax-fade=\"1\" data-id=\"c1bcf63\">\n    <!--insert-->\n    \n        <h3>\u201eEs ist nie zu sp\u00e4t, das zu werden, was wir sein wollen\u201d<\/h3>\n        <\/div>\n<!-- \/module text -->\n\n\n\n<!-- module text -->\n<div  id=\"text-294-0-0-2\" class=\"module module-text text-294-0-0-2  repeat  wow fadeInUp animation_effect_delay_.5 \" data-parallax-element-speed=\"1\" data-parallax-element-reverse=\"1\" data-parallax-fade=\"1\" data-id=\"c1bcf63\">\n    <!--insert-->\n    \n        <p>G. Eliot<\/p>        <\/div>\n<!-- \/module text -->\n\n\n\n    <!-- module buttons -->\n    <div  id=\"buttons-294-0-0-3\" class=\"module module-buttons buttons-294-0-0-3   wow fadeInUp animation_effect_delay_.8\" data-parallax-element-speed=\"1\" data-parallax-element-reverse=\"1\" data-parallax-fade=\"1\" data-id=\"fdf89da\">\n        <!--insert-->\n        \n        <div class=\"module-buttons large outline rounded\">\n                            <div class=\"module-buttons-item  buttons-horizontal\">\n\t\t\t\t\t<a href=\"#wiecej\" class=\"ui builder_button\" rel=\"nofollow\"><span>weitermachen<\/span><\/a>                <\/div>\n                    <\/div>\n    <\/div>\n    <!-- \/module buttons -->\n\n                        <\/div>\n                    \t\t<\/div>\n\t\t                                <\/div>\n                                <!-- \/row_inner -->\n                        <\/div>\n                        <!-- \/module_row -->\n\t\t\n\t\t<!-- module_row -->\n\t\t<div  data-anchor=\"wiecej\" class=\"themify_builder_row module_row clearfix repeat wow fadeIn fullwidth_row_container tb_section-wiecej module_row_1 themify_builder_294_row module_row_294-1\" data-id=\"4e480e3\">\n\t\t\t\t\t\t<div class=\"row_inner col_align_top\" >\n                                    <div  class=\"module_column tb-column col4-1 first tb_294_column module_column_0 module_column_294-1-0\" data-id=\"ea80065\" >\n                                                                <div class=\"tb-column-inner\">\n                            \n\n    <!-- module feature -->\n    <div  id=\"feature-294-1-0-0\" class=\"module module-feature feature-294-1-0-0 with-chart layout-icon-top size-small   wow fadeInUp animation_effect_delay_.3\" data-id=\"302fd47\">\n        <!--insert-->\n        <style type=\"text\/css\">#feature-294-1-0-0 .module-feature-chart-html5 {\n\t\t\t\t\tbox-shadow: inset 0 0 0 1px rgba(0,0,0,.1);\n\t\t\t\t}\n\t\t\t\t#feature-294-1-0-0 .chart-loaded.chart-html5-fill {\n\t\t\t\t\tbox-shadow: inset 0 0 0 1px #000000;\n\t\t\t\t}#feature-294-1-0-0 .chart-html5-inset {background-color: #fafafa}<\/style>\n        \n        <div class=\"module-feature-image\">\n            \n            \n                <div class=\"module-feature-chart-html5\"\n                                         data-progress=\"0\"\n                         data-progress-end=\"100\"\n                         data-size=\"100\"\n                                          >\n                    <div class=\"chart-html5-circle\">\n                                                    <div class=\"chart-html5-mask chart-html5-full\">\n                                <div class=\"chart-html5-fill\"><\/div>\n                            <\/div>\n                            <div class=\"chart-html5-mask chart-html5-half\">\n                                <div class=\"chart-html5-fill\"><\/div>\n                            <\/div>\n                                                <div class=\"chart-html5-inset chart-html5-inset-icon\">\n\n                                                            <div class=\"module-feature-background\" style=\"background: #fafafa\"><\/div>                                <i class=\"module-feature-icon ti-comments\" style=\"color: #999999\"><\/i>                            \n                        <\/div>\n                    <\/div>\n                <\/div>\n\n                \n        <\/div>\n\n        <div class=\"module-feature-content\">\n\t\t\t<h3 class=\"module-feature-title\">Psychologische Hilfe<\/h3>            <p>f\u00fcr Erwachsene und Jugendliche<\/p>            <\/div>\n\n    <\/div>\n    <!-- \/module feature -->\n\n                        <\/div>\n                    \t\t<\/div>\n\t\t        <div  class=\"module_column tb-column col4-1 second tb_294_column module_column_1 module_column_294-1-1\" data-id=\"a6d86e8\" >\n                                                                <div class=\"tb-column-inner\">\n                            \n\n    <!-- module feature -->\n    <div  id=\"feature-294-1-1-0\" class=\"module module-feature feature-294-1-1-0 with-chart layout-icon-top size-small   wow fadeInUp animation_effect_delay_.5\" data-id=\"302fd47\">\n        <!--insert-->\n        <style type=\"text\/css\">#feature-294-1-1-0 .module-feature-chart-html5 {\n\t\t\t\t\tbox-shadow: inset 0 0 0 1px rgba(0,0,0,.1);\n\t\t\t\t}\n\t\t\t\t#feature-294-1-1-0 .chart-loaded.chart-html5-fill {\n\t\t\t\t\tbox-shadow: inset 0 0 0 1px #000000;\n\t\t\t\t}#feature-294-1-1-0 .chart-html5-inset {background-color: #fafafa}<\/style>\n        \n        <div class=\"module-feature-image\">\n            \n            \n                <div class=\"module-feature-chart-html5\"\n                                         data-progress=\"0\"\n                         data-progress-end=\"100\"\n                         data-size=\"100\"\n                                          >\n                    <div class=\"chart-html5-circle\">\n                                                    <div class=\"chart-html5-mask chart-html5-full\">\n                                <div class=\"chart-html5-fill\"><\/div>\n                            <\/div>\n                            <div class=\"chart-html5-mask chart-html5-half\">\n                                <div class=\"chart-html5-fill\"><\/div>\n                            <\/div>\n                                                <div class=\"chart-html5-inset chart-html5-inset-icon\">\n\n                                                            <div class=\"module-feature-background\" style=\"background: #fafafa\"><\/div>                                <i class=\"module-feature-icon ti-write\" style=\"color: #999999\"><\/i>                            \n                        <\/div>\n                    <\/div>\n                <\/div>\n\n                \n        <\/div>\n\n        <div class=\"module-feature-content\">\n\t\t\t<h3 class=\"module-feature-title\">Psychotherapie<\/h3>            <p>f\u00fcr Erwachsene und Jugendliche<\/p>\n            <\/div>\n\n    <\/div>\n    <!-- \/module feature -->\n\n                        <\/div>\n                    \t\t<\/div>\n\t\t        <div  class=\"module_column tb-column col4-1 third tb_294_column module_column_2 module_column_294-1-2\" data-id=\"f848dd5\" >\n                                                                <div class=\"tb-column-inner\">\n                            \n\n    <!-- module feature -->\n    <div  id=\"feature-294-1-2-0\" class=\"module module-feature feature-294-1-2-0 with-chart layout-icon-top size-small   wow fadeInUp animation_effect_delay_.7\" data-id=\"302fd47\">\n        <!--insert-->\n        <style type=\"text\/css\">#feature-294-1-2-0 .module-feature-chart-html5 {\n\t\t\t\t\tbox-shadow: inset 0 0 0 1px rgba(0,0,0,.1);\n\t\t\t\t}\n\t\t\t\t#feature-294-1-2-0 .chart-loaded.chart-html5-fill {\n\t\t\t\t\tbox-shadow: inset 0 0 0 1px #000000;\n\t\t\t\t}#feature-294-1-2-0 .chart-html5-inset {background-color: #fafafa}<\/style>\n        \n        <div class=\"module-feature-image\">\n            \n            \n                <div class=\"module-feature-chart-html5\"\n                                         data-progress=\"0\"\n                         data-progress-end=\"100\"\n                         data-size=\"100\"\n                                          >\n                    <div class=\"chart-html5-circle\">\n                                                    <div class=\"chart-html5-mask chart-html5-full\">\n                                <div class=\"chart-html5-fill\"><\/div>\n                            <\/div>\n                            <div class=\"chart-html5-mask chart-html5-half\">\n                                <div class=\"chart-html5-fill\"><\/div>\n                            <\/div>\n                                                <div class=\"chart-html5-inset chart-html5-inset-icon\">\n\n                                                            <div class=\"module-feature-background\" style=\"background: #fafafa\"><\/div>                                <i class=\"module-feature-icon ti-skype\" style=\"color: #999999\"><\/i>                            \n                        <\/div>\n                    <\/div>\n                <\/div>\n\n                \n        <\/div>\n\n        <div class=\"module-feature-content\">\n\t\t\t<h3 class=\"module-feature-title\">Online-Beratung<\/h3>            <p>Skype<\/p>            <\/div>\n\n    <\/div>\n    <!-- \/module feature -->\n\n                        <\/div>\n                    \t\t<\/div>\n\t\t        <div  class=\"module_column tb-column col4-1 last tb_294_column module_column_3 module_column_294-1-3\" data-id=\"8daee9a\" >\n                                                                <div class=\"tb-column-inner\">\n                            \n\n    <!-- module feature -->\n    <div  id=\"feature-294-1-3-0\" class=\"module module-feature feature-294-1-3-0 with-chart layout-icon-top size-small   wow fadeInUp animation_effect_delay_.9\" data-id=\"302fd47\">\n        <!--insert-->\n        <style type=\"text\/css\">#feature-294-1-3-0 .module-feature-chart-html5 {\n\t\t\t\t\tbox-shadow: inset 0 0 0 1px rgba(0,0,0,.1);\n\t\t\t\t}\n\t\t\t\t#feature-294-1-3-0 .chart-loaded.chart-html5-fill {\n\t\t\t\t\tbox-shadow: inset 0 0 0 1px #000000;\n\t\t\t\t}#feature-294-1-3-0 .chart-html5-inset {background-color: #fafafa}<\/style>\n        \n        <div class=\"module-feature-image\">\n            \n            \n                <div class=\"module-feature-chart-html5\"\n                                         data-progress=\"0\"\n                         data-progress-end=\"100\"\n                         data-size=\"100\"\n                                          >\n                    <div class=\"chart-html5-circle\">\n                                                    <div class=\"chart-html5-mask chart-html5-full\">\n                                <div class=\"chart-html5-fill\"><\/div>\n                            <\/div>\n                            <div class=\"chart-html5-mask chart-html5-half\">\n                                <div class=\"chart-html5-fill\"><\/div>\n                            <\/div>\n                                                <div class=\"chart-html5-inset chart-html5-inset-icon\">\n\n                                                            <div class=\"module-feature-background\" style=\"background: #fafafa\"><\/div>                                <i class=\"module-feature-icon fa fa-language\" style=\"color: #999999\"><\/i>                            \n                        <\/div>\n                    <\/div>\n                <\/div>\n\n                \n        <\/div>\n\n        <div class=\"module-feature-content\">\n\t\t\t<h3 class=\"module-feature-title\">Fremdsprachenkonsultationen<\/h3>            <p>Deutsche Sprache<\/p>            <\/div>\n\n    <\/div>\n    <!-- \/module feature -->\n\n                        <\/div>\n                    \t\t<\/div>\n\t\t                                <\/div>\n                                <!-- \/row_inner -->\n                        <\/div>\n                        <!-- \/module_row -->\n\t\t\n\t\t<!-- module_row -->\n\t\t<div  class=\"themify_builder_row module_row clearfix fullcover wow fadeInRight fullwidth_row_container module_row_2 themify_builder_294_row module_row_294-2\" data-id=\"0eafe3f\">\n\t\t\t                    <div class=\"tb_row_frame tb_row_frame_top \"><\/div>\n                                    <div class=\"tb_row_frame tb_row_frame_bottom \"><\/div>\n                \t\t\t<div class=\"row_inner col_align_top\" >\n                                    <div  class=\"module_column tb-column col3-1 first tb_294_column module_column_0 module_column_294-2-0\" data-id=\"cc43a60\" >\n                                        \t\t<\/div>\n\t\t        <div  class=\"module_column tb-column col3-2 last tb_294_column module_column_1 module_column_294-2-1\" data-id=\"a8062b9\" >\n                                                                <div class=\"tb-column-inner\">\n                            \n\n<!-- module text -->\n<div  id=\"text-294-2-1-0\" class=\"module module-text text-294-2-1-0  repeat  wow fadeIn animation_effect_delay_.5 \" data-parallax-element-speed=\"1\" data-parallax-fade=\"1\" data-id=\"137e776\">\n    <!--insert-->\n    \n        <h2 style=\"text-align: left;\">Hallo!<\/h2>\n        <\/div>\n<!-- \/module text -->\n\n\n\n    <!-- module divider -->\n    <div  id=\"divider-294-2-1-1\" class=\"module module-divider divider-294-2-1-1 solid   wow fadeIn animation_effect_delay_.5 divider-custom divider-left\" data-parallax-element-speed=\"1\" data-parallax-fade=\"1\" data-id=\"be0f727\" style=\"border-width: 1px;border-color: #000000;margin-top: 10px;margin-bottom: 30px;width: 150px;\">\n        <!--insert-->\n            <\/div>\n    <!-- \/module divider -->\n\n\n\n<!-- module text -->\n<div  id=\"text-294-2-1-2\" class=\"module module-text text-294-2-1-2  repeat  wow fadeIn animation_effect_delay_.5 \" data-parallax-element-speed=\"1\" data-parallax-fade=\"1\" data-id=\"409bb22\">\n    <!--insert-->\n    \n        <p>Ich hei\u00dfe Agnieszka Rach-Tomaszewska und bin Dipl.-Psychologin mit langj\u00e4hrigen Erfahrung. Ich habe auch Ausbildung als Coach, Mediator und Deutschlehrerin.<\/p>\n        <\/div>\n<!-- \/module text -->\n\n\n\n    <!-- module buttons -->\n    <div  id=\"buttons-294-2-1-3\" class=\"module module-buttons buttons-294-2-1-3   wow fadeIn animation_effect_delay_.6\" data-parallax-element-speed=\"1\" data-parallax-fade=\"1\" data-id=\"fdf89da\">\n        <!--insert-->\n        \n        <div class=\"module-buttons large outline rounded\">\n                            <div class=\"module-buttons-item  buttons-horizontal\">\n\t\t\t\t\t<a href=\"https:\/\/psycholog-slupsk-harmonia.pl\/de\/uber-mich\/\" class=\"ui builder_button\" rel=\"nofollow\"><span>mehr<\/span><\/a>                <\/div>\n                    <\/div>\n    <\/div>\n    <!-- \/module buttons -->\n\n                        <\/div>\n                    \t\t<\/div>\n\t\t                                <\/div>\n                                <!-- \/row_inner -->\n                        <\/div>\n                        <!-- \/module_row -->\n\t\t<\/div>\n","protected":false},"excerpt":{"rendered":"<p>Psychologische Praxis \u201eEs ist nie zu sp\u00e4t, das zu werden, was wir sein wollen\u201d G. Eliot weitermachen Psychologische Hilfe f\u00fcr Erwachsene und Jugendliche Psychotherapie f\u00fcr Erwachsene und Jugendliche Online-Beratung Skype Fremdsprachenkonsultationen Deutsche Sprache Hallo! Ich hei\u00dfe Agnieszka Rach-Tomaszewska und bin Dipl.-Psychologin mit langj\u00e4hrigen Erfahrung. Ich habe auch Ausbildung als Coach, Mediator und Deutschlehrerin. mehr<\/p>\n","protected":false},"author":2,"featured_media":0,"parent":0,"menu_order":1,"comment_status":"closed","ping_status":"closed","template":"","meta":{"footnotes":""},"class_list":["post-294","page","type-page","status-publish","hentry","has-post-title","has-post-date","has-post-category","has-post-tag","has-post-comment","has-post-author",""],"builder_content":"<h2>Psychologische Praxis<\/h2> \n <h3>\u201eEs ist nie zu sp\u00e4t, das zu werden, was wir sein wollen\u201d<\/h3> \n <p>G. Eliot<\/p> \n <a href=\"#wiecej\" rel=\"nofollow\">weitermachen<\/a> \n \n \n \n <h3>Psychologische Hilfe<\/h3> <p>f\u00fcr Erwachsene und Jugendliche<\/p> \n \n \n \n \n <h3>Psychotherapie<\/h3> <p>f\u00fcr Erwachsene und Jugendliche<\/p> \n \n \n \n \n <h3>Online-Beratung<\/h3> <p>Skype<\/p> \n \n \n \n \n <h3>Fremdsprachenkonsultationen<\/h3> <p>Deutsche Sprache<\/p> \n \n <h2 style=\"text-align: left;\">Hallo!<\/h2> \n \n <p>Ich hei\u00dfe Agnieszka Rach-Tomaszewska und bin Dipl.-Psychologin mit langj\u00e4hrigen Erfahrung. Ich habe auch Ausbildung als Coach, Mediator und Deutschlehrerin.<\/p> \n <a href=\"https:\/\/psycholog-slupsk-harmonia.pl\/de\/uber-mich\/\" rel=\"nofollow\">mehr<\/a>","_links":{"self":[{"href":"https:\/\/psycholog-slupsk-harmonia.pl\/de\/wp-json\/wp\/v2\/pages\/294\/"}],"collection":[{"href":"https:\/\/psycholog-slupsk-harmonia.pl\/de\/wp-json\/wp\/v2\/pages\/"}],"about":[{"href":"https:\/\/psycholog-slupsk-harmonia.pl\/de\/wp-json\/wp\/v2\/types\/page\/"}],"author":[{"embeddable":true,"href":"https:\/\/psycholog-slupsk-harmonia.pl\/de\/wp-json\/wp\/v2\/users\/2\/"}],"replies":[{"embeddable":true,"href":"https:\/\/psycholog-slupsk-harmonia.pl\/de\/wp-json\/wp\/v2\/comments\/?post=294"}],"version-history":[{"count":9,"href":"https:\/\/psycholog-slupsk-harmonia.pl\/de\/wp-json\/wp\/v2\/pages\/294\/revisions\/"}],"predecessor-version":[{"id":356,"href":"https:\/\/psycholog-slupsk-harmonia.pl\/de\/wp-json\/wp\/v2\/pages\/294\/revisions\/356\/"}],"wp:attachment":[{"href":"https:\/\/psycholog-slupsk-harmonia.pl\/de\/wp-json\/wp\/v2\/media\/?parent=294"}],"curies":[{"name":"wp","href":"https:\/\/api.w.org\/{rel}","templated":true}]}}